{"id":73,"date":"2021-05-18T21:47:37","date_gmt":"2021-05-18T21:47:37","guid":{"rendered":"http:\/\/casahogardeviterbo.org.mx\/nuevapag\/?page_id=73"},"modified":"2023-11-06T05:21:11","modified_gmt":"2023-11-06T05:21:11","slug":"conocenos","status":"publish","type":"page","link":"https:\/\/casahogardeviterbo.org.mx\/nuevapag\/","title":{"rendered":"CON\u00d3CENOS"},"content":{"rendered":"\n<p class=\"has-normal-font-size\">La Casa Hogar Santa Rosa de Viterbo se fund\u00f3 el 5 de Octubre del 2019.  Acogemos ni\u00f1as en estado de abandono, maltrato, abuso, orfandad o vulnerabilidad. <\/p>\n\n\n<div class=\"wp-block-image\">\n<figure class=\"aligncenter size-large\"><img loading=\"lazy\" decoding=\"async\" width=\"1024\" height=\"768\" src=\"http:\/\/casahogardeviterbo.org.mx\/nuevapag\/wp-content\/uploads\/2023\/11\/WhatsApp-Image-2023-11-03-at-13.22.35-4-1024x768.jpeg\" alt=\"\" class=\"wp-image-1467\" srcset=\"https:\/\/casahogardeviterbo.org.mx\/nuevapag\/wp-content\/uploads\/2023\/11\/WhatsApp-Image-2023-11-03-at-13.22.35-4-1024x768.jpeg 1024w, https:\/\/casahogardeviterbo.org.mx\/nuevapag\/wp-content\/uploads\/2023\/11\/WhatsApp-Image-2023-11-03-at-13.22.35-4-300x225.jpeg 300w, https:\/\/casahogardeviterbo.org.mx\/nuevapag\/wp-content\/uploads\/2023\/11\/WhatsApp-Image-2023-11-03-at-13.22.35-4-768x576.jpeg 768w, https:\/\/casahogardeviterbo.org.mx\/nuevapag\/wp-content\/uploads\/2023\/11\/WhatsApp-Image-2023-11-03-at-13.22.35-4-1536x1152.jpeg 1536w, https:\/\/casahogardeviterbo.org.mx\/nuevapag\/wp-content\/uploads\/2023\/11\/WhatsApp-Image-2023-11-03-at-13.22.35-4-880x660.jpeg 880w, https:\/\/casahogardeviterbo.org.mx\/nuevapag\/wp-content\/uploads\/2023\/11\/WhatsApp-Image-2023-11-03-at-13.22.35-4-606x455.jpeg 606w, https:\/\/casahogardeviterbo.org.mx\/nuevapag\/wp-content\/uploads\/2023\/11\/WhatsApp-Image-2023-11-03-at-13.22.35-4-730x547.jpeg 730w, https:\/\/casahogardeviterbo.org.mx\/nuevapag\/wp-content\/uploads\/2023\/11\/WhatsApp-Image-2023-11-03-at-13.22.35-4.jpeg 1600w\" sizes=\"auto, (max-width: 1024px) 100vw, 1024px\" \/><\/figure>\n<\/div>\n\n\n<p class=\"has-normal-font-size\">D\u00e1ndoles protecci\u00f3n y formaci\u00f3n integral a trav\u00e9s del acompa\u00f1amiento terap\u00e9utico, formaci\u00f3n acad\u00e9mica, formaci\u00f3n de valores, responsabilidades y h\u00e1bitos de acuerdo a su edad y el servicio a sus semejantes, fomentando los principios evang\u00e9licos, marianos y franciscanos. <\/p>\n\n\n\n<p class=\"has-normal-font-size\">  Colaboramos con la iglesia brind\u00e1ndoles una educaci\u00f3n integral, infundiendo los valores cristianos y humanos, creando un ambiente de familia que les ayuden a superar sus carencias y traumas  <\/p>\n\n\n\n<figure class=\"wp-block-video\"><video height=\"1080\" style=\"aspect-ratio: 1920 \/ 1080;\" width=\"1920\" controls src=\"http:\/\/casahogardeviterbo.org.mx\/nuevapag\/wp-content\/uploads\/2023\/07\/Mi-video.mp4\"><\/video><\/figure>\n\n\n\n<p class=\"has-normal-font-size\">Inculcamos amor, cari\u00f1o y respeto por sus padres o tutores y se les inicia una educaci\u00f3n afectivo-sexual para que logren integrarse en la sociedad. <\/p>\n\n\n\n<figure class=\"wp-block-gallery has-nested-images columns-default is-cropped wp-block-gallery-1 is-layout-flex wp-block-gallery-is-layout-flex\">\n<figure class=\"wp-block-image size-large\"><img loading=\"lazy\" decoding=\"async\" width=\"1024\" height=\"1024\" data-id=\"1470\" src=\"http:\/\/casahogardeviterbo.org.mx\/nuevapag\/wp-content\/uploads\/2023\/11\/1-1024x1024.png\" alt=\"\" class=\"wp-image-1470\" srcset=\"https:\/\/casahogardeviterbo.org.mx\/nuevapag\/wp-content\/uploads\/2023\/11\/1-1024x1024.png 1024w, https:\/\/casahogardeviterbo.org.mx\/nuevapag\/wp-content\/uploads\/2023\/11\/1-300x300.png 300w, https:\/\/casahogardeviterbo.org.mx\/nuevapag\/wp-content\/uploads\/2023\/11\/1-150x150.png 150w, https:\/\/casahogardeviterbo.org.mx\/nuevapag\/wp-content\/uploads\/2023\/11\/1-768x768.png 768w, https:\/\/casahogardeviterbo.org.mx\/nuevapag\/wp-content\/uploads\/2023\/11\/1-660x660.png 660w, https:\/\/casahogardeviterbo.org.mx\/nuevapag\/wp-content\/uploads\/2023\/11\/1-50x50.png 50w, https:\/\/casahogardeviterbo.org.mx\/nuevapag\/wp-content\/uploads\/2023\/11\/1-606x606.png 606w, https:\/\/casahogardeviterbo.org.mx\/nuevapag\/wp-content\/uploads\/2023\/11\/1.png 1080w\" sizes=\"auto, (max-width: 1024px) 100vw, 1024px\" \/><\/figure>\n\n\n\n<figure class=\"wp-block-image size-large\"><img loading=\"lazy\" decoding=\"async\" width=\"1024\" height=\"1024\" data-id=\"1471\" src=\"http:\/\/casahogardeviterbo.org.mx\/nuevapag\/wp-content\/uploads\/2023\/11\/2-1024x1024.png\" alt=\"\" class=\"wp-image-1471\" srcset=\"https:\/\/casahogardeviterbo.org.mx\/nuevapag\/wp-content\/uploads\/2023\/11\/2-1024x1024.png 1024w, https:\/\/casahogardeviterbo.org.mx\/nuevapag\/wp-content\/uploads\/2023\/11\/2-300x300.png 300w, https:\/\/casahogardeviterbo.org.mx\/nuevapag\/wp-content\/uploads\/2023\/11\/2-150x150.png 150w, https:\/\/casahogardeviterbo.org.mx\/nuevapag\/wp-content\/uploads\/2023\/11\/2-768x768.png 768w, https:\/\/casahogardeviterbo.org.mx\/nuevapag\/wp-content\/uploads\/2023\/11\/2-660x660.png 660w, https:\/\/casahogardeviterbo.org.mx\/nuevapag\/wp-content\/uploads\/2023\/11\/2-50x50.png 50w, https:\/\/casahogardeviterbo.org.mx\/nuevapag\/wp-content\/uploads\/2023\/11\/2-606x606.png 606w, https:\/\/casahogardeviterbo.org.mx\/nuevapag\/wp-content\/uploads\/2023\/11\/2.png 1080w\" sizes=\"auto, (max-width: 1024px) 100vw, 1024px\" \/><\/figure>\n<\/figure>\n\n\n\n<p class=\"has-normal-font-size\">En nuestra casa hogar, las ni\u00f1as y adolescentes no solo atienden sus actividades de escuela de manera diaria, tienen responsabilidades y labores, as\u00ed como un crecimiento constante que les ense\u00f1e valores como la misericordia y la libertad que las hace capaces de tomar decisiones fundadas en la verdad, iluminada por la fe conduce al rechazo del pecado.  <\/p>\n\n\n\n<p class=\"has-normal-font-size\">Se les ense\u00f1a la oraci\u00f3n, as\u00ed, como lo importante de la pureza, virtud que consiste en amar a Dios con alma y con coraz\u00f3n y evitar en cuanto sea posible los pecados que cometemos, y fundamentado en el amor a Cristo, se les ense\u00f1a constantemente la fraternidad y la minoridad a ejemplo de Jes\u00fas, que siendo rico se hizo pobre para que fu\u00e9ramos colmados de la riqueza de Dios.<\/p>\n\n\n<div class=\"wp-block-image\">\n<figure class=\"aligncenter size-large\"><img loading=\"lazy\" decoding=\"async\" width=\"1024\" height=\"576\" src=\"http:\/\/casahogardeviterbo.org.mx\/nuevapag\/wp-content\/uploads\/2023\/07\/WhatsApp-Image-2023-07-14-at-13.27.08-1024x576.jpeg\" alt=\"\" class=\"wp-image-1411\" srcset=\"https:\/\/casahogardeviterbo.org.mx\/nuevapag\/wp-content\/uploads\/2023\/07\/WhatsApp-Image-2023-07-14-at-13.27.08-1024x576.jpeg 1024w, https:\/\/casahogardeviterbo.org.mx\/nuevapag\/wp-content\/uploads\/2023\/07\/WhatsApp-Image-2023-07-14-at-13.27.08-300x169.jpeg 300w, https:\/\/casahogardeviterbo.org.mx\/nuevapag\/wp-content\/uploads\/2023\/07\/WhatsApp-Image-2023-07-14-at-13.27.08-768x432.jpeg 768w, https:\/\/casahogardeviterbo.org.mx\/nuevapag\/wp-content\/uploads\/2023\/07\/WhatsApp-Image-2023-07-14-at-13.27.08-990x557.jpeg 990w, https:\/\/casahogardeviterbo.org.mx\/nuevapag\/wp-content\/uploads\/2023\/07\/WhatsApp-Image-2023-07-14-at-13.27.08.jpeg 1366w\" sizes=\"auto, (max-width: 1024px) 100vw, 1024px\" \/><\/figure>\n<\/div>\n\n\n<p class=\"has-normal-font-size\">Cuidamos la integridad de la vida humana, ya que es un don espl\u00e9ndido de Dios y acogemos a los que sufren y los que est\u00e1n privados de sus derechos y afectos familiares, en un ambiente de paz y dignidad, proporcionando siempre el conocimiento y encuentro con Cristo, ayudando a reconciliar historias dolorosas, estableciendo una comunicaci\u00f3n basada en el amor fraterno en el bien y la seguridad de las ni\u00f1as y adolescentes que atendemos.<\/p>\n\n\n<div class=\"wp-block-image\">\n<figure class=\"aligncenter size-large\"><img loading=\"lazy\" decoding=\"async\" width=\"1024\" height=\"768\" src=\"http:\/\/casahogardeviterbo.org.mx\/nuevapag\/wp-content\/uploads\/2023\/11\/WhatsApp-Image-2023-11-05-at-21.18.12-4-1024x768.jpeg\" alt=\"\" class=\"wp-image-1473\" srcset=\"https:\/\/casahogardeviterbo.org.mx\/nuevapag\/wp-content\/uploads\/2023\/11\/WhatsApp-Image-2023-11-05-at-21.18.12-4-1024x768.jpeg 1024w, https:\/\/casahogardeviterbo.org.mx\/nuevapag\/wp-content\/uploads\/2023\/11\/WhatsApp-Image-2023-11-05-at-21.18.12-4-300x225.jpeg 300w, https:\/\/casahogardeviterbo.org.mx\/nuevapag\/wp-content\/uploads\/2023\/11\/WhatsApp-Image-2023-11-05-at-21.18.12-4-768x576.jpeg 768w, https:\/\/casahogardeviterbo.org.mx\/nuevapag\/wp-content\/uploads\/2023\/11\/WhatsApp-Image-2023-11-05-at-21.18.12-4-1536x1152.jpeg 1536w, https:\/\/casahogardeviterbo.org.mx\/nuevapag\/wp-content\/uploads\/2023\/11\/WhatsApp-Image-2023-11-05-at-21.18.12-4-880x660.jpeg 880w, https:\/\/casahogardeviterbo.org.mx\/nuevapag\/wp-content\/uploads\/2023\/11\/WhatsApp-Image-2023-11-05-at-21.18.12-4-606x455.jpeg 606w, https:\/\/casahogardeviterbo.org.mx\/nuevapag\/wp-content\/uploads\/2023\/11\/WhatsApp-Image-2023-11-05-at-21.18.12-4-730x547.jpeg 730w, https:\/\/casahogardeviterbo.org.mx\/nuevapag\/wp-content\/uploads\/2023\/11\/WhatsApp-Image-2023-11-05-at-21.18.12-4.jpeg 1600w\" sizes=\"auto, (max-width: 1024px) 100vw, 1024px\" \/><\/figure>\n<\/div>\n\n\n<p class=\"has-normal-font-size\">Nuestro lema es: &#8220;construir una nueva vida en fraternidad&#8221; como la atenci\u00f3n integral que se ofrece a las ni\u00f1as y a las adolescentes, se les brinda los elementos para construir una vida nueva a trav\u00e9s de la integraci\u00f3n y la convivencia arm\u00f3nica de todos los miembros que forman la casa hogar, restaurando, sanando y reconciliado cada historia personal, d\u00e1ndoles una nueva vida iluminada por la luz de Cristo que quiere que todos tengan una vida y una vida en plenitud.<\/p>\n","protected":false},"excerpt":{"rendered":"<p>La Casa Hogar Santa Rosa de Viterbo se fund\u00f3 el 5 de Octubre del 2019. Acogemos ni\u00f1as en estado de &hellip; <a href=\"https:\/\/casahogardeviterbo.org.mx\/nuevapag\/\" class=\"more-link\"><span class=\"more-button\">Continue Reading<span class=\"screen-reader-text\">CON\u00d3CENOS<\/span><\/span><\/a><\/p>\n","protected":false},"author":1,"featured_media":0,"parent":0,"menu_order":0,"comment_status":"closed","ping_status":"closed","template":"","meta":{"om_disable_all_campaigns":false,"_monsterinsights_skip_tracking":false,"_monsterinsights_sitenote_active":false,"_monsterinsights_sitenote_note":"","_monsterinsights_sitenote_category":0,"_uf_show_specific_survey":0,"_uf_disable_surveys":false,"footnotes":""},"class_list":["post-73","page","type-page","status-publish","hentry"],"aioseo_notices":[],"_links":{"self":[{"href":"https:\/\/casahogardeviterbo.org.mx\/nuevapag\/index.php?rest_route=\/wp\/v2\/pages\/73","targetHints":{"allow":["GET"]}}],"collection":[{"href":"https:\/\/casahogardeviterbo.org.mx\/nuevapag\/index.php?rest_route=\/wp\/v2\/pages"}],"about":[{"href":"https:\/\/casahogardeviterbo.org.mx\/nuevapag\/index.php?rest_route=\/wp\/v2\/types\/page"}],"author":[{"embeddable":true,"href":"https:\/\/casahogardeviterbo.org.mx\/nuevapag\/index.php?rest_route=\/wp\/v2\/users\/1"}],"replies":[{"embeddable":true,"href":"https:\/\/casahogardeviterbo.org.mx\/nuevapag\/index.php?rest_route=%2Fwp%2Fv2%2Fcomments&post=73"}],"version-history":[{"count":49,"href":"https:\/\/casahogardeviterbo.org.mx\/nuevapag\/index.php?rest_route=\/wp\/v2\/pages\/73\/revisions"}],"predecessor-version":[{"id":1474,"href":"https:\/\/casahogardeviterbo.org.mx\/nuevapag\/index.php?rest_route=\/wp\/v2\/pages\/73\/revisions\/1474"}],"wp:attachment":[{"href":"https:\/\/casahogardeviterbo.org.mx\/nuevapag\/index.php?rest_route=%2Fwp%2Fv2%2Fmedia&parent=73"}],"curies":[{"name":"wp","href":"https:\/\/api.w.org\/{rel}","templated":true}]}}