{"id":80,"date":"2021-05-18T21:59:17","date_gmt":"2021-05-18T21:59:17","guid":{"rendered":"http:\/\/casahogardeviterbo.org.mx\/nuevapag\/?page_id=80"},"modified":"2023-11-06T03:30:46","modified_gmt":"2023-11-06T03:30:46","slug":"eventos","status":"publish","type":"page","link":"https:\/\/casahogardeviterbo.org.mx\/nuevapag\/?page_id=80","title":{"rendered":"EVENTOS"},"content":{"rendered":"\n<p>Ense\u00f1\u00e1ndole nuestras tradiciones a nuestras ni\u00f1as. <\/p>\n\n\n\n<figure class=\"wp-block-gallery has-nested-images columns-default is-cropped wp-block-gallery-1 is-layout-flex wp-block-gallery-is-layout-flex\">\n<figure class=\"wp-block-image size-large\"><img loading=\"lazy\" decoding=\"async\" width=\"1024\" height=\"768\" data-id=\"1442\" src=\"https:\/\/casahogardeviterbo.org.mx\/nuevapag\/wp-content\/uploads\/2023\/11\/WhatsApp-Image-2023-11-05-at-21.18.12-1024x768.jpeg\" alt=\"\" class=\"wp-image-1442\" srcset=\"https:\/\/casahogardeviterbo.org.mx\/nuevapag\/wp-content\/uploads\/2023\/11\/WhatsApp-Image-2023-11-05-at-21.18.12-1024x768.jpeg 1024w, https:\/\/casahogardeviterbo.org.mx\/nuevapag\/wp-content\/uploads\/2023\/11\/WhatsApp-Image-2023-11-05-at-21.18.12-300x225.jpeg 300w, https:\/\/casahogardeviterbo.org.mx\/nuevapag\/wp-content\/uploads\/2023\/11\/WhatsApp-Image-2023-11-05-at-21.18.12-768x576.jpeg 768w, https:\/\/casahogardeviterbo.org.mx\/nuevapag\/wp-content\/uploads\/2023\/11\/WhatsApp-Image-2023-11-05-at-21.18.12-1536x1152.jpeg 1536w, https:\/\/casahogardeviterbo.org.mx\/nuevapag\/wp-content\/uploads\/2023\/11\/WhatsApp-Image-2023-11-05-at-21.18.12-880x660.jpeg 880w, https:\/\/casahogardeviterbo.org.mx\/nuevapag\/wp-content\/uploads\/2023\/11\/WhatsApp-Image-2023-11-05-at-21.18.12-606x455.jpeg 606w, https:\/\/casahogardeviterbo.org.mx\/nuevapag\/wp-content\/uploads\/2023\/11\/WhatsApp-Image-2023-11-05-at-21.18.12-730x547.jpeg 730w, https:\/\/casahogardeviterbo.org.mx\/nuevapag\/wp-content\/uploads\/2023\/11\/WhatsApp-Image-2023-11-05-at-21.18.12.jpeg 1600w\" sizes=\"auto, (max-width: 1024px) 100vw, 1024px\" \/><\/figure>\n\n\n\n<figure class=\"wp-block-image size-large\"><img loading=\"lazy\" decoding=\"async\" width=\"1024\" height=\"768\" data-id=\"1443\" src=\"https:\/\/casahogardeviterbo.org.mx\/nuevapag\/wp-content\/uploads\/2023\/11\/WhatsApp-Image-2023-11-05-at-21.18.12-3-1024x768.jpeg\" alt=\"\" class=\"wp-image-1443\" srcset=\"https:\/\/casahogardeviterbo.org.mx\/nuevapag\/wp-content\/uploads\/2023\/11\/WhatsApp-Image-2023-11-05-at-21.18.12-3-1024x768.jpeg 1024w, https:\/\/casahogardeviterbo.org.mx\/nuevapag\/wp-content\/uploads\/2023\/11\/WhatsApp-Image-2023-11-05-at-21.18.12-3-300x225.jpeg 300w, https:\/\/casahogardeviterbo.org.mx\/nuevapag\/wp-content\/uploads\/2023\/11\/WhatsApp-Image-2023-11-05-at-21.18.12-3-768x576.jpeg 768w, https:\/\/casahogardeviterbo.org.mx\/nuevapag\/wp-content\/uploads\/2023\/11\/WhatsApp-Image-2023-11-05-at-21.18.12-3-1536x1152.jpeg 1536w, https:\/\/casahogardeviterbo.org.mx\/nuevapag\/wp-content\/uploads\/2023\/11\/WhatsApp-Image-2023-11-05-at-21.18.12-3-880x660.jpeg 880w, https:\/\/casahogardeviterbo.org.mx\/nuevapag\/wp-content\/uploads\/2023\/11\/WhatsApp-Image-2023-11-05-at-21.18.12-3-606x455.jpeg 606w, https:\/\/casahogardeviterbo.org.mx\/nuevapag\/wp-content\/uploads\/2023\/11\/WhatsApp-Image-2023-11-05-at-21.18.12-3-730x547.jpeg 730w, https:\/\/casahogardeviterbo.org.mx\/nuevapag\/wp-content\/uploads\/2023\/11\/WhatsApp-Image-2023-11-05-at-21.18.12-3.jpeg 1600w\" sizes=\"auto, (max-width: 1024px) 100vw, 1024px\" \/><\/figure>\n\n\n\n<figure class=\"wp-block-image size-large\"><img loading=\"lazy\" decoding=\"async\" width=\"1024\" height=\"768\" data-id=\"1444\" src=\"https:\/\/casahogardeviterbo.org.mx\/nuevapag\/wp-content\/uploads\/2023\/11\/WhatsApp-Image-2023-11-05-at-21.18.12-2-1024x768.jpeg\" alt=\"\" class=\"wp-image-1444\" srcset=\"https:\/\/casahogardeviterbo.org.mx\/nuevapag\/wp-content\/uploads\/2023\/11\/WhatsApp-Image-2023-11-05-at-21.18.12-2-1024x768.jpeg 1024w, https:\/\/casahogardeviterbo.org.mx\/nuevapag\/wp-content\/uploads\/2023\/11\/WhatsApp-Image-2023-11-05-at-21.18.12-2-300x225.jpeg 300w, https:\/\/casahogardeviterbo.org.mx\/nuevapag\/wp-content\/uploads\/2023\/11\/WhatsApp-Image-2023-11-05-at-21.18.12-2-768x576.jpeg 768w, https:\/\/casahogardeviterbo.org.mx\/nuevapag\/wp-content\/uploads\/2023\/11\/WhatsApp-Image-2023-11-05-at-21.18.12-2-880x660.jpeg 880w, https:\/\/casahogardeviterbo.org.mx\/nuevapag\/wp-content\/uploads\/2023\/11\/WhatsApp-Image-2023-11-05-at-21.18.12-2-606x455.jpeg 606w, https:\/\/casahogardeviterbo.org.mx\/nuevapag\/wp-content\/uploads\/2023\/11\/WhatsApp-Image-2023-11-05-at-21.18.12-2-730x547.jpeg 730w, https:\/\/casahogardeviterbo.org.mx\/nuevapag\/wp-content\/uploads\/2023\/11\/WhatsApp-Image-2023-11-05-at-21.18.12-2.jpeg 1040w\" sizes=\"auto, (max-width: 1024px) 100vw, 1024px\" \/><\/figure>\n\n\n\n<figure class=\"wp-block-image size-large\"><img loading=\"lazy\" decoding=\"async\" width=\"1024\" height=\"768\" data-id=\"1445\" src=\"https:\/\/casahogardeviterbo.org.mx\/nuevapag\/wp-content\/uploads\/2023\/11\/WhatsApp-Image-2023-11-05-at-21.18.12-1-1024x768.jpeg\" alt=\"\" class=\"wp-image-1445\" srcset=\"https:\/\/casahogardeviterbo.org.mx\/nuevapag\/wp-content\/uploads\/2023\/11\/WhatsApp-Image-2023-11-05-at-21.18.12-1-1024x768.jpeg 1024w, https:\/\/casahogardeviterbo.org.mx\/nuevapag\/wp-content\/uploads\/2023\/11\/WhatsApp-Image-2023-11-05-at-21.18.12-1-300x225.jpeg 300w, https:\/\/casahogardeviterbo.org.mx\/nuevapag\/wp-content\/uploads\/2023\/11\/WhatsApp-Image-2023-11-05-at-21.18.12-1-768x576.jpeg 768w, https:\/\/casahogardeviterbo.org.mx\/nuevapag\/wp-content\/uploads\/2023\/11\/WhatsApp-Image-2023-11-05-at-21.18.12-1-880x660.jpeg 880w, https:\/\/casahogardeviterbo.org.mx\/nuevapag\/wp-content\/uploads\/2023\/11\/WhatsApp-Image-2023-11-05-at-21.18.12-1-606x455.jpeg 606w, https:\/\/casahogardeviterbo.org.mx\/nuevapag\/wp-content\/uploads\/2023\/11\/WhatsApp-Image-2023-11-05-at-21.18.12-1-730x547.jpeg 730w, https:\/\/casahogardeviterbo.org.mx\/nuevapag\/wp-content\/uploads\/2023\/11\/WhatsApp-Image-2023-11-05-at-21.18.12-1.jpeg 1040w\" sizes=\"auto, (max-width: 1024px) 100vw, 1024px\" \/><\/figure>\n<\/figure>\n\n\n\n<p><\/p>\n\n\n\n<p>Las ni\u00f1as que llegan a esta casa hogar, reciben un trato digno, una alimentaci\u00f3n y una educaci\u00f3n integral bajo una vida llena del amor de Dios, con valores Marianos y Franciscanos con el apoyo de todos los que tienen la buena voluntad de donar.<\/p>\n\n\n\n<figure class=\"wp-block-gallery has-nested-images columns-default is-cropped wp-block-gallery-2 is-layout-flex wp-block-gallery-is-layout-flex\">\n<figure class=\"wp-block-image size-large\"><img loading=\"lazy\" decoding=\"async\" width=\"768\" height=\"1024\" data-id=\"1393\" src=\"https:\/\/casahogardeviterbo.org.mx\/nuevapag\/wp-content\/uploads\/2023\/07\/IMG-20230619-WA0016-768x1024.jpg\" alt=\"\" class=\"wp-image-1393\" srcset=\"https:\/\/casahogardeviterbo.org.mx\/nuevapag\/wp-content\/uploads\/2023\/07\/IMG-20230619-WA0016-768x1024.jpg 768w, https:\/\/casahogardeviterbo.org.mx\/nuevapag\/wp-content\/uploads\/2023\/07\/IMG-20230619-WA0016-225x300.jpg 225w, https:\/\/casahogardeviterbo.org.mx\/nuevapag\/wp-content\/uploads\/2023\/07\/IMG-20230619-WA0016-1152x1536.jpg 1152w, https:\/\/casahogardeviterbo.org.mx\/nuevapag\/wp-content\/uploads\/2023\/07\/IMG-20230619-WA0016-495x660.jpg 495w, https:\/\/casahogardeviterbo.org.mx\/nuevapag\/wp-content\/uploads\/2023\/07\/IMG-20230619-WA0016-606x808.jpg 606w, https:\/\/casahogardeviterbo.org.mx\/nuevapag\/wp-content\/uploads\/2023\/07\/IMG-20230619-WA0016.jpg 1200w\" sizes=\"auto, (max-width: 768px) 100vw, 768px\" \/><\/figure>\n\n\n\n<figure class=\"wp-block-image size-large\"><img loading=\"lazy\" decoding=\"async\" width=\"768\" height=\"1024\" data-id=\"1394\" src=\"https:\/\/casahogardeviterbo.org.mx\/nuevapag\/wp-content\/uploads\/2023\/07\/IMG-20230619-WA0023-768x1024.jpg\" alt=\"\" class=\"wp-image-1394\" srcset=\"https:\/\/casahogardeviterbo.org.mx\/nuevapag\/wp-content\/uploads\/2023\/07\/IMG-20230619-WA0023-768x1024.jpg 768w, https:\/\/casahogardeviterbo.org.mx\/nuevapag\/wp-content\/uploads\/2023\/07\/IMG-20230619-WA0023-225x300.jpg 225w, https:\/\/casahogardeviterbo.org.mx\/nuevapag\/wp-content\/uploads\/2023\/07\/IMG-20230619-WA0023-1152x1536.jpg 1152w, https:\/\/casahogardeviterbo.org.mx\/nuevapag\/wp-content\/uploads\/2023\/07\/IMG-20230619-WA0023-495x660.jpg 495w, https:\/\/casahogardeviterbo.org.mx\/nuevapag\/wp-content\/uploads\/2023\/07\/IMG-20230619-WA0023-606x808.jpg 606w, https:\/\/casahogardeviterbo.org.mx\/nuevapag\/wp-content\/uploads\/2023\/07\/IMG-20230619-WA0023.jpg 1200w\" sizes=\"auto, (max-width: 768px) 100vw, 768px\" \/><\/figure>\n\n\n\n<figure class=\"wp-block-image size-large\"><img loading=\"lazy\" decoding=\"async\" width=\"768\" height=\"1024\" data-id=\"1396\" src=\"https:\/\/casahogardeviterbo.org.mx\/nuevapag\/wp-content\/uploads\/2023\/07\/IMG-20230619-WA0036-768x1024.jpg\" alt=\"\" class=\"wp-image-1396\" srcset=\"https:\/\/casahogardeviterbo.org.mx\/nuevapag\/wp-content\/uploads\/2023\/07\/IMG-20230619-WA0036-768x1024.jpg 768w, https:\/\/casahogardeviterbo.org.mx\/nuevapag\/wp-content\/uploads\/2023\/07\/IMG-20230619-WA0036-225x300.jpg 225w, https:\/\/casahogardeviterbo.org.mx\/nuevapag\/wp-content\/uploads\/2023\/07\/IMG-20230619-WA0036-1152x1536.jpg 1152w, https:\/\/casahogardeviterbo.org.mx\/nuevapag\/wp-content\/uploads\/2023\/07\/IMG-20230619-WA0036-495x660.jpg 495w, https:\/\/casahogardeviterbo.org.mx\/nuevapag\/wp-content\/uploads\/2023\/07\/IMG-20230619-WA0036-606x808.jpg 606w, https:\/\/casahogardeviterbo.org.mx\/nuevapag\/wp-content\/uploads\/2023\/07\/IMG-20230619-WA0036.jpg 1200w\" sizes=\"auto, (max-width: 768px) 100vw, 768px\" \/><\/figure>\n\n\n\n<figure class=\"wp-block-image size-large\"><img loading=\"lazy\" decoding=\"async\" width=\"768\" height=\"1024\" data-id=\"1397\" src=\"https:\/\/casahogardeviterbo.org.mx\/nuevapag\/wp-content\/uploads\/2023\/07\/IMG-20230619-WA0037-768x1024.jpg\" alt=\"\" class=\"wp-image-1397\" srcset=\"https:\/\/casahogardeviterbo.org.mx\/nuevapag\/wp-content\/uploads\/2023\/07\/IMG-20230619-WA0037-768x1024.jpg 768w, https:\/\/casahogardeviterbo.org.mx\/nuevapag\/wp-content\/uploads\/2023\/07\/IMG-20230619-WA0037-225x300.jpg 225w, https:\/\/casahogardeviterbo.org.mx\/nuevapag\/wp-content\/uploads\/2023\/07\/IMG-20230619-WA0037-1152x1536.jpg 1152w, https:\/\/casahogardeviterbo.org.mx\/nuevapag\/wp-content\/uploads\/2023\/07\/IMG-20230619-WA0037-495x660.jpg 495w, https:\/\/casahogardeviterbo.org.mx\/nuevapag\/wp-content\/uploads\/2023\/07\/IMG-20230619-WA0037-606x808.jpg 606w, https:\/\/casahogardeviterbo.org.mx\/nuevapag\/wp-content\/uploads\/2023\/07\/IMG-20230619-WA0037.jpg 1200w\" sizes=\"auto, (max-width: 768px) 100vw, 768px\" \/><\/figure>\n\n\n\n<figure class=\"wp-block-image size-large\"><img loading=\"lazy\" decoding=\"async\" width=\"768\" height=\"1024\" data-id=\"1398\" src=\"https:\/\/casahogardeviterbo.org.mx\/nuevapag\/wp-content\/uploads\/2023\/07\/IMG-20230619-WA0043-768x1024.jpg\" alt=\"\" class=\"wp-image-1398\" srcset=\"https:\/\/casahogardeviterbo.org.mx\/nuevapag\/wp-content\/uploads\/2023\/07\/IMG-20230619-WA0043-768x1024.jpg 768w, https:\/\/casahogardeviterbo.org.mx\/nuevapag\/wp-content\/uploads\/2023\/07\/IMG-20230619-WA0043-225x300.jpg 225w, https:\/\/casahogardeviterbo.org.mx\/nuevapag\/wp-content\/uploads\/2023\/07\/IMG-20230619-WA0043-1152x1536.jpg 1152w, https:\/\/casahogardeviterbo.org.mx\/nuevapag\/wp-content\/uploads\/2023\/07\/IMG-20230619-WA0043-495x660.jpg 495w, https:\/\/casahogardeviterbo.org.mx\/nuevapag\/wp-content\/uploads\/2023\/07\/IMG-20230619-WA0043-606x808.jpg 606w, https:\/\/casahogardeviterbo.org.mx\/nuevapag\/wp-content\/uploads\/2023\/07\/IMG-20230619-WA0043.jpg 1200w\" sizes=\"auto, (max-width: 768px) 100vw, 768px\" \/><\/figure>\n\n\n\n<figure class=\"wp-block-image size-large\"><img loading=\"lazy\" decoding=\"async\" width=\"768\" height=\"1024\" data-id=\"1399\" src=\"https:\/\/casahogardeviterbo.org.mx\/nuevapag\/wp-content\/uploads\/2023\/07\/IMG-20230619-WA0047-768x1024.jpg\" alt=\"\" class=\"wp-image-1399\" srcset=\"https:\/\/casahogardeviterbo.org.mx\/nuevapag\/wp-content\/uploads\/2023\/07\/IMG-20230619-WA0047-768x1024.jpg 768w, https:\/\/casahogardeviterbo.org.mx\/nuevapag\/wp-content\/uploads\/2023\/07\/IMG-20230619-WA0047-225x300.jpg 225w, https:\/\/casahogardeviterbo.org.mx\/nuevapag\/wp-content\/uploads\/2023\/07\/IMG-20230619-WA0047-1152x1536.jpg 1152w, https:\/\/casahogardeviterbo.org.mx\/nuevapag\/wp-content\/uploads\/2023\/07\/IMG-20230619-WA0047-495x660.jpg 495w, https:\/\/casahogardeviterbo.org.mx\/nuevapag\/wp-content\/uploads\/2023\/07\/IMG-20230619-WA0047-606x808.jpg 606w, https:\/\/casahogardeviterbo.org.mx\/nuevapag\/wp-content\/uploads\/2023\/07\/IMG-20230619-WA0047.jpg 1200w\" sizes=\"auto, (max-width: 768px) 100vw, 768px\" \/><\/figure>\n\n\n\n<figure class=\"wp-block-image size-large\"><img loading=\"lazy\" decoding=\"async\" width=\"768\" height=\"1024\" data-id=\"1400\" src=\"https:\/\/casahogardeviterbo.org.mx\/nuevapag\/wp-content\/uploads\/2023\/07\/IMG-20230619-WA0051-768x1024.jpg\" alt=\"\" class=\"wp-image-1400\" srcset=\"https:\/\/casahogardeviterbo.org.mx\/nuevapag\/wp-content\/uploads\/2023\/07\/IMG-20230619-WA0051-768x1024.jpg 768w, https:\/\/casahogardeviterbo.org.mx\/nuevapag\/wp-content\/uploads\/2023\/07\/IMG-20230619-WA0051-225x300.jpg 225w, https:\/\/casahogardeviterbo.org.mx\/nuevapag\/wp-content\/uploads\/2023\/07\/IMG-20230619-WA0051-1152x1536.jpg 1152w, https:\/\/casahogardeviterbo.org.mx\/nuevapag\/wp-content\/uploads\/2023\/07\/IMG-20230619-WA0051-495x660.jpg 495w, https:\/\/casahogardeviterbo.org.mx\/nuevapag\/wp-content\/uploads\/2023\/07\/IMG-20230619-WA0051-606x808.jpg 606w, https:\/\/casahogardeviterbo.org.mx\/nuevapag\/wp-content\/uploads\/2023\/07\/IMG-20230619-WA0051.jpg 1200w\" sizes=\"auto, (max-width: 768px) 100vw, 768px\" \/><\/figure>\n\n\n\n<figure class=\"wp-block-image size-large\"><img loading=\"lazy\" decoding=\"async\" width=\"768\" height=\"1024\" data-id=\"1401\" src=\"https:\/\/casahogardeviterbo.org.mx\/nuevapag\/wp-content\/uploads\/2023\/07\/IMG-20230619-WA0054-768x1024.jpg\" alt=\"\" class=\"wp-image-1401\" srcset=\"https:\/\/casahogardeviterbo.org.mx\/nuevapag\/wp-content\/uploads\/2023\/07\/IMG-20230619-WA0054-768x1024.jpg 768w, https:\/\/casahogardeviterbo.org.mx\/nuevapag\/wp-content\/uploads\/2023\/07\/IMG-20230619-WA0054-225x300.jpg 225w, https:\/\/casahogardeviterbo.org.mx\/nuevapag\/wp-content\/uploads\/2023\/07\/IMG-20230619-WA0054-1152x1536.jpg 1152w, https:\/\/casahogardeviterbo.org.mx\/nuevapag\/wp-content\/uploads\/2023\/07\/IMG-20230619-WA0054-495x660.jpg 495w, https:\/\/casahogardeviterbo.org.mx\/nuevapag\/wp-content\/uploads\/2023\/07\/IMG-20230619-WA0054-606x808.jpg 606w, https:\/\/casahogardeviterbo.org.mx\/nuevapag\/wp-content\/uploads\/2023\/07\/IMG-20230619-WA0054.jpg 1200w\" sizes=\"auto, (max-width: 768px) 100vw, 768px\" \/><\/figure>\n\n\n\n<figure class=\"wp-block-image size-large\"><img loading=\"lazy\" decoding=\"async\" width=\"768\" height=\"1024\" data-id=\"1402\" src=\"https:\/\/casahogardeviterbo.org.mx\/nuevapag\/wp-content\/uploads\/2023\/07\/IMG-20230619-WA0059-768x1024.jpg\" alt=\"\" class=\"wp-image-1402\" srcset=\"https:\/\/casahogardeviterbo.org.mx\/nuevapag\/wp-content\/uploads\/2023\/07\/IMG-20230619-WA0059-768x1024.jpg 768w, https:\/\/casahogardeviterbo.org.mx\/nuevapag\/wp-content\/uploads\/2023\/07\/IMG-20230619-WA0059-225x300.jpg 225w, https:\/\/casahogardeviterbo.org.mx\/nuevapag\/wp-content\/uploads\/2023\/07\/IMG-20230619-WA0059-1152x1536.jpg 1152w, https:\/\/casahogardeviterbo.org.mx\/nuevapag\/wp-content\/uploads\/2023\/07\/IMG-20230619-WA0059-495x660.jpg 495w, https:\/\/casahogardeviterbo.org.mx\/nuevapag\/wp-content\/uploads\/2023\/07\/IMG-20230619-WA0059-606x808.jpg 606w, https:\/\/casahogardeviterbo.org.mx\/nuevapag\/wp-content\/uploads\/2023\/07\/IMG-20230619-WA0059.jpg 1200w\" sizes=\"auto, (max-width: 768px) 100vw, 768px\" \/><\/figure>\n<\/figure>\n\n\n\n<p>En este gran d\u00eda, te deseo feliz cumplea\u00f1os Victor Gonz\u00e1les, Dr. Simi<\/p>\n\n\n\n<figure class=\"wp-block-video\"><video height=\"640\" style=\"aspect-ratio: 352 \/ 640;\" width=\"352\" controls src=\"http:\/\/casahogardeviterbo.org.mx\/nuevapag\/wp-content\/uploads\/2023\/06\/VID-20230601-WA0081.mp4\"><\/video><\/figure>\n","protected":false},"excerpt":{"rendered":"<p>Ense\u00f1\u00e1ndole nuestras tradiciones a nuestras ni\u00f1as. Las ni\u00f1as que llegan a esta casa hogar, reciben un trato digno, una alimentaci\u00f3n &hellip; <a href=\"https:\/\/casahogardeviterbo.org.mx\/nuevapag\/?page_id=80\" class=\"more-link\"><span class=\"more-button\">Continue Reading<span class=\"screen-reader-text\">EVENTOS<\/span><\/span><\/a><\/p>\n","protected":false},"author":1,"featured_media":0,"parent":0,"menu_order":1,"comment_status":"closed","ping_status":"closed","template":"","meta":{"om_disable_all_campaigns":false,"_monsterinsights_skip_tracking":false,"_monsterinsights_sitenote_active":false,"_monsterinsights_sitenote_note":"","_monsterinsights_sitenote_category":0,"_uf_show_specific_survey":0,"_uf_disable_surveys":false,"footnotes":""},"class_list":["post-80","page","type-page","status-publish","hentry"],"aioseo_notices":[],"_links":{"self":[{"href":"https:\/\/casahogardeviterbo.org.mx\/nuevapag\/index.php?rest_route=\/wp\/v2\/pages\/80","targetHints":{"allow":["GET"]}}],"collection":[{"href":"https:\/\/casahogardeviterbo.org.mx\/nuevapag\/index.php?rest_route=\/wp\/v2\/pages"}],"about":[{"href":"https:\/\/casahogardeviterbo.org.mx\/nuevapag\/index.php?rest_route=\/wp\/v2\/types\/page"}],"author":[{"embeddable":true,"href":"https:\/\/casahogardeviterbo.org.mx\/nuevapag\/index.php?rest_route=\/wp\/v2\/users\/1"}],"replies":[{"embeddable":true,"href":"https:\/\/casahogardeviterbo.org.mx\/nuevapag\/index.php?rest_route=%2Fwp%2Fv2%2Fcomments&post=80"}],"version-history":[{"count":60,"href":"https:\/\/casahogardeviterbo.org.mx\/nuevapag\/index.php?rest_route=\/wp\/v2\/pages\/80\/revisions"}],"predecessor-version":[{"id":1447,"href":"https:\/\/casahogardeviterbo.org.mx\/nuevapag\/index.php?rest_route=\/wp\/v2\/pages\/80\/revisions\/1447"}],"wp:attachment":[{"href":"https:\/\/casahogardeviterbo.org.mx\/nuevapag\/index.php?rest_route=%2Fwp%2Fv2%2Fmedia&parent=80"}],"curies":[{"name":"wp","href":"https:\/\/api.w.org\/{rel}","templated":true}]}}